{"id":2388,"date":"2025-12-02T12:46:06","date_gmt":"2025-12-02T12:46:06","guid":{"rendered":"https:\/\/veterinaryscienceprofession.eu\/?post_type=product&#038;p=2388"},"modified":"2026-02-18T14:33:26","modified_gmt":"2026-02-18T14:33:26","slug":"ultrasound-examination-of-the-abdomen-in-dogs-and-cats","status":"publish","type":"product","link":"https:\/\/veterinaryscienceprofession.eu\/en\/product\/ultrasound-examination-of-the-abdomen-in-dogs-and-cats\/","title":{"rendered":"Ultrasound examination of the abdomen in dogs and cats"},"content":{"rendered":"<p>This comprehensive course combines theoretical lectures on abdominal ultrasound examination in small animals with extensive practical training. In the introductory segment, participants will learn the basics of ultrasound, including proper patient positioning, choosing the appropriate probe, organ localization and physiological features, artifact recognition, and common abnormalities and pathologies.<br \/>\nThe practical portion ensures maximum interactivity, with participants working in small groups (3\u20134 people) to allow sufficient time for individual hands-on experience using the probe on dogs. Additionally, ultrasound-guided aspiration practice on models is included.<\/p>\n<p><strong>Course objectives:<\/strong><\/p>\n<ul>\n<li>adopt a systematic approach to ultrasound examination,<\/li>\n<li>learn how to optimize image quality,<\/li>\n<li>develop confidence and expertise in performing routine abdominal ultrasound.<\/li>\n<\/ul>\n","protected":false},"excerpt":{"rendered":"<p><strong>Lecturers:<\/strong> Assoc. Prof. Martina Crnogaj, Prof. Ivana Ki\u0161, Veljko Turkovi\u0107, DVM; \u00a0Assoc. Prof. Jelena Goti\u0107, Ma\u0161a Efendi\u0107, PhD<br \/>\n<strong>Date and time:<\/strong> 24 February 2026, 9:00-17:00<br \/>\n<strong>Location:<\/strong> Skills Lab in the Clinic for Internal Diseases, Faculty of Veterinary Medicine, University of Zagreb<br \/>\n<strong>Workshop language:<\/strong> Croatian<br \/>\n<strong>Price:<\/strong> \u20ac300<\/p>\n","protected":false},"featured_media":0,"template":"","meta":[],"product_brand":[],"product_cat":[15],"product_tag":[],"class_list":{"0":"post-2388","1":"product","2":"type-product","3":"status-publish","5":"product_cat-workshop","7":"first","8":"instock","9":"virtual","10":"sold-individually","11":"purchasable","12":"product-type-simple"},"yoast_head":"<!-- This site is optimized with the Yoast SEO plugin v27.0 - https:\/\/yoast.com\/product\/yoast-seo-wordpress\/ -->\n<title>Ultrasound examination of the abdomen in dogs and cats - Veterinarska znanost i struka 2026<\/title>\n<meta name=\"robots\" content=\"index, follow, max-snippet:-1, max-image-preview:large, max-video-preview:-1\" \/>\n<link rel=\"canonical\" href=\"https:\/\/veterinaryscienceprofession.eu\/en\/product\/ultrasound-examination-of-the-abdomen-in-dogs-and-cats\/\" \/>\n<meta property=\"og:locale\" content=\"en_US\" \/>\n<meta property=\"og:type\" content=\"article\" \/>\n<meta property=\"og:title\" content=\"Ultrasound examination of the abdomen in dogs and cats - Veterinarska znanost i struka 2026\" \/>\n<meta property=\"og:description\" content=\"Lecturers: Assoc. Prof. Martina Crnogaj, Prof. Ivana Ki\u0161, Veljko Turkovi\u0107, DVM; \u00a0Assoc. Prof. Jelena Goti\u0107, Ma\u0161a Efendi\u0107, PhD Date and time: 24 February 2026, 9:00-17:00 Location: Skills Lab in the Clinic for Internal Diseases, Faculty of Veterinary Medicine, University of Zagreb Workshop language: Croatian Price: \u20ac300\" \/>\n<meta property=\"og:url\" content=\"https:\/\/veterinaryscienceprofession.eu\/en\/product\/ultrasound-examination-of-the-abdomen-in-dogs-and-cats\/\" \/>\n<meta property=\"og:site_name\" content=\"Veterinarska znanost i struka 2026\" \/>\n<meta property=\"article:publisher\" content=\"https:\/\/www.facebook.com\/vzs2017\" \/>\n<meta property=\"article:modified_time\" content=\"2026-02-18T14:33:26+00:00\" \/>\n<meta name=\"twitter:card\" content=\"summary_large_image\" \/>\n<meta name=\"twitter:label1\" content=\"Est. reading time\" \/>\n\t<meta name=\"twitter:data1\" content=\"1 minute\" \/>\n<script type=\"application\/ld+json\" class=\"yoast-schema-graph\">{\"@context\":\"https:\/\/schema.org\",\"@graph\":[{\"@type\":\"WebPage\",\"@id\":\"https:\/\/veterinaryscienceprofession.eu\/en\/product\/ultrasound-examination-of-the-abdomen-in-dogs-and-cats\/\",\"url\":\"https:\/\/veterinaryscienceprofession.eu\/en\/product\/ultrasound-examination-of-the-abdomen-in-dogs-and-cats\/\",\"name\":\"Ultrasound examination of the abdomen in dogs and cats - Veterinarska znanost i struka 2026\",\"isPartOf\":{\"@id\":\"https:\/\/veterinaryscienceprofession.eu\/#website\"},\"datePublished\":\"2025-12-02T12:46:06+00:00\",\"dateModified\":\"2026-02-18T14:33:26+00:00\",\"breadcrumb\":{\"@id\":\"https:\/\/veterinaryscienceprofession.eu\/en\/product\/ultrasound-examination-of-the-abdomen-in-dogs-and-cats\/#breadcrumb\"},\"inLanguage\":\"en-US\",\"potentialAction\":[{\"@type\":\"ReadAction\",\"target\":[\"https:\/\/veterinaryscienceprofession.eu\/en\/product\/ultrasound-examination-of-the-abdomen-in-dogs-and-cats\/\"]}]},{\"@type\":\"BreadcrumbList\",\"@id\":\"https:\/\/veterinaryscienceprofession.eu\/en\/product\/ultrasound-examination-of-the-abdomen-in-dogs-and-cats\/#breadcrumb\",\"itemListElement\":[{\"@type\":\"ListItem\",\"position\":1,\"name\":\"Home\",\"item\":\"https:\/\/veterinaryscienceprofession.eu\/en\/\"},{\"@type\":\"ListItem\",\"position\":2,\"name\":\"Shop\",\"item\":\"https:\/\/veterinaryscienceprofession.eu\/shop\/\"},{\"@type\":\"ListItem\",\"position\":3,\"name\":\"Ultrasound examination of the abdomen in dogs and cats\"}]},{\"@type\":\"WebSite\",\"@id\":\"https:\/\/veterinaryscienceprofession.eu\/#website\",\"url\":\"https:\/\/veterinaryscienceprofession.eu\/\",\"name\":\"Veterinarska znanost i struka 2026\",\"description\":\"\",\"publisher\":{\"@id\":\"https:\/\/veterinaryscienceprofession.eu\/#organization\"},\"potentialAction\":[{\"@type\":\"SearchAction\",\"target\":{\"@type\":\"EntryPoint\",\"urlTemplate\":\"https:\/\/veterinaryscienceprofession.eu\/?s={search_term_string}\"},\"query-input\":{\"@type\":\"PropertyValueSpecification\",\"valueRequired\":true,\"valueName\":\"search_term_string\"}}],\"inLanguage\":\"en-US\"},{\"@type\":\"Organization\",\"@id\":\"https:\/\/veterinaryscienceprofession.eu\/#organization\",\"name\":\"Veterinarska znanost i struka 2026\",\"url\":\"https:\/\/veterinaryscienceprofession.eu\/\",\"logo\":{\"@type\":\"ImageObject\",\"inLanguage\":\"en-US\",\"@id\":\"https:\/\/veterinaryscienceprofession.eu\/#\/schema\/logo\/image\/\",\"url\":\"https:\/\/veterinaryscienceprofession.eu\/wp-content\/uploads\/2023\/01\/logo.png\",\"contentUrl\":\"https:\/\/veterinaryscienceprofession.eu\/wp-content\/uploads\/2023\/01\/logo.png\",\"width\":356,\"height\":285,\"caption\":\"Veterinarska znanost i struka 2026\"},\"image\":{\"@id\":\"https:\/\/veterinaryscienceprofession.eu\/#\/schema\/logo\/image\/\"},\"sameAs\":[\"https:\/\/www.facebook.com\/vzs2017\"]}]}<\/script>\n<!-- \/ Yoast SEO plugin. -->","yoast_head_json":{"title":"Ultrasound examination of the abdomen in dogs and cats - Veterinarska znanost i struka 2026","robots":{"index":"index","follow":"follow","max-snippet":"max-snippet:-1","max-image-preview":"max-image-preview:large","max-video-preview":"max-video-preview:-1"},"canonical":"https:\/\/veterinaryscienceprofession.eu\/en\/product\/ultrasound-examination-of-the-abdomen-in-dogs-and-cats\/","og_locale":"en_US","og_type":"article","og_title":"Ultrasound examination of the abdomen in dogs and cats - Veterinarska znanost i struka 2026","og_description":"Lecturers: Assoc. Prof. Martina Crnogaj, Prof. Ivana Ki\u0161, Veljko Turkovi\u0107, DVM; \u00a0Assoc. Prof. Jelena Goti\u0107, Ma\u0161a Efendi\u0107, PhD Date and time: 24 February 2026, 9:00-17:00 Location: Skills Lab in the Clinic for Internal Diseases, Faculty of Veterinary Medicine, University of Zagreb Workshop language: Croatian Price: \u20ac300","og_url":"https:\/\/veterinaryscienceprofession.eu\/en\/product\/ultrasound-examination-of-the-abdomen-in-dogs-and-cats\/","og_site_name":"Veterinarska znanost i struka 2026","article_publisher":"https:\/\/www.facebook.com\/vzs2017","article_modified_time":"2026-02-18T14:33:26+00:00","twitter_card":"summary_large_image","twitter_misc":{"Est. reading time":"1 minute"},"schema":{"@context":"https:\/\/schema.org","@graph":[{"@type":"WebPage","@id":"https:\/\/veterinaryscienceprofession.eu\/en\/product\/ultrasound-examination-of-the-abdomen-in-dogs-and-cats\/","url":"https:\/\/veterinaryscienceprofession.eu\/en\/product\/ultrasound-examination-of-the-abdomen-in-dogs-and-cats\/","name":"Ultrasound examination of the abdomen in dogs and cats - Veterinarska znanost i struka 2026","isPartOf":{"@id":"https:\/\/veterinaryscienceprofession.eu\/#website"},"datePublished":"2025-12-02T12:46:06+00:00","dateModified":"2026-02-18T14:33:26+00:00","breadcrumb":{"@id":"https:\/\/veterinaryscienceprofession.eu\/en\/product\/ultrasound-examination-of-the-abdomen-in-dogs-and-cats\/#breadcrumb"},"inLanguage":"en-US","potentialAction":[{"@type":"ReadAction","target":["https:\/\/veterinaryscienceprofession.eu\/en\/product\/ultrasound-examination-of-the-abdomen-in-dogs-and-cats\/"]}]},{"@type":"BreadcrumbList","@id":"https:\/\/veterinaryscienceprofession.eu\/en\/product\/ultrasound-examination-of-the-abdomen-in-dogs-and-cats\/#breadcrumb","itemListElement":[{"@type":"ListItem","position":1,"name":"Home","item":"https:\/\/veterinaryscienceprofession.eu\/en\/"},{"@type":"ListItem","position":2,"name":"Shop","item":"https:\/\/veterinaryscienceprofession.eu\/shop\/"},{"@type":"ListItem","position":3,"name":"Ultrasound examination of the abdomen in dogs and cats"}]},{"@type":"WebSite","@id":"https:\/\/veterinaryscienceprofession.eu\/#website","url":"https:\/\/veterinaryscienceprofession.eu\/","name":"Veterinarska znanost i struka 2026","description":"","publisher":{"@id":"https:\/\/veterinaryscienceprofession.eu\/#organization"},"potentialAction":[{"@type":"SearchAction","target":{"@type":"EntryPoint","urlTemplate":"https:\/\/veterinaryscienceprofession.eu\/?s={search_term_string}"},"query-input":{"@type":"PropertyValueSpecification","valueRequired":true,"valueName":"search_term_string"}}],"inLanguage":"en-US"},{"@type":"Organization","@id":"https:\/\/veterinaryscienceprofession.eu\/#organization","name":"Veterinarska znanost i struka 2026","url":"https:\/\/veterinaryscienceprofession.eu\/","logo":{"@type":"ImageObject","inLanguage":"en-US","@id":"https:\/\/veterinaryscienceprofession.eu\/#\/schema\/logo\/image\/","url":"https:\/\/veterinaryscienceprofession.eu\/wp-content\/uploads\/2023\/01\/logo.png","contentUrl":"https:\/\/veterinaryscienceprofession.eu\/wp-content\/uploads\/2023\/01\/logo.png","width":356,"height":285,"caption":"Veterinarska znanost i struka 2026"},"image":{"@id":"https:\/\/veterinaryscienceprofession.eu\/#\/schema\/logo\/image\/"},"sameAs":["https:\/\/www.facebook.com\/vzs2017"]}]}},"_links":{"self":[{"href":"https:\/\/veterinaryscienceprofession.eu\/en\/wp-json\/wp\/v2\/product\/2388","targetHints":{"allow":["GET"]}}],"collection":[{"href":"https:\/\/veterinaryscienceprofession.eu\/en\/wp-json\/wp\/v2\/product"}],"about":[{"href":"https:\/\/veterinaryscienceprofession.eu\/en\/wp-json\/wp\/v2\/types\/product"}],"version-history":[{"count":3,"href":"https:\/\/veterinaryscienceprofession.eu\/en\/wp-json\/wp\/v2\/product\/2388\/revisions"}],"predecessor-version":[{"id":3078,"href":"https:\/\/veterinaryscienceprofession.eu\/en\/wp-json\/wp\/v2\/product\/2388\/revisions\/3078"}],"wp:attachment":[{"href":"https:\/\/veterinaryscienceprofession.eu\/en\/wp-json\/wp\/v2\/media?parent=2388"}],"wp:term":[{"taxonomy":"product_brand","embeddable":true,"href":"https:\/\/veterinaryscienceprofession.eu\/en\/wp-json\/wp\/v2\/product_brand?post=2388"},{"taxonomy":"product_cat","embeddable":true,"href":"https:\/\/veterinaryscienceprofession.eu\/en\/wp-json\/wp\/v2\/product_cat?post=2388"},{"taxonomy":"product_tag","embeddable":true,"href":"https:\/\/veterinaryscienceprofession.eu\/en\/wp-json\/wp\/v2\/product_tag?post=2388"}],"curies":[{"name":"wp","href":"https:\/\/api.w.org\/{rel}","templated":true}]}}