{"id":2391,"date":"2025-12-02T12:49:46","date_gmt":"2025-12-02T12:49:46","guid":{"rendered":"https:\/\/veterinaryscienceprofession.eu\/?post_type=product&#038;p=2391"},"modified":"2026-02-18T13:53:56","modified_gmt":"2026-02-18T13:53:56","slug":"tplo-course","status":"publish","type":"product","link":"https:\/\/veterinaryscienceprofession.eu\/en\/product\/tplo-course\/","title":{"rendered":"TPLO Course"},"content":{"rendered":"<p>Throughout this workshop, which includes four hours of theory and four hours of practical training, participants will learn the mechanism of cranial cruciate ligament injury and master the basics of the TPLO method. TPLO is a proven technique for managing cruciate ligament rupture in dogs of all sizes, dynamically stabilizing the stifle by eliminating cranial tibial thrust during weight bearing.<br \/>\nThis specially designed introductory course will help participants master key elements of the TPLO technique. Knee arthrotomy and TPLO will be performed on plastic models and cadavers. The course also includes preoperative planning and postoperative assessment of the technique on radiographs.<\/p>\n<p>Basic knowledge of stifle anatomy and surgical experience with stifle approaches and plate placement are required for registration.<\/p>\n","protected":false},"excerpt":{"rendered":"<p><strong>Lecturers:<\/strong> Assist. Prof. Petar Koste\u0161i\u0107, PhD; Niko Ivki\u0107, DVM<br \/>\n<strong>Date and time:<\/strong> 23 February 2026, 8:00-17:00<br \/>\n<strong>Location:<\/strong> Clinic for Surgery, Orthopedics and Ophthalmology, Faculty of Veterinary Medicine, University of Zagreb<br \/>\n<strong>Workshop language:<\/strong> Croatian<br \/>\n<strong>Number of participants:<\/strong> 4\u20138<br \/>\n<strong>Price:<\/strong> \u20ac1270 (includes one hot meal)<\/p>\n","protected":false},"featured_media":0,"template":"","meta":[],"product_brand":[],"product_cat":[15],"product_tag":[],"class_list":{"0":"post-2391","1":"product","2":"type-product","3":"status-publish","5":"product_cat-workshop","7":"first","8":"instock","9":"virtual","10":"sold-individually","11":"purchasable","12":"product-type-simple"},"yoast_head":"<!-- This site is optimized with the Yoast SEO plugin v27.0 - https:\/\/yoast.com\/product\/yoast-seo-wordpress\/ -->\n<title>TPLO Course - Veterinarska znanost i struka 2026<\/title>\n<meta name=\"robots\" content=\"index, follow, max-snippet:-1, max-image-preview:large, max-video-preview:-1\" \/>\n<link rel=\"canonical\" href=\"https:\/\/veterinaryscienceprofession.eu\/en\/product\/tplo-course\/\" \/>\n<meta property=\"og:locale\" content=\"en_US\" \/>\n<meta property=\"og:type\" content=\"article\" \/>\n<meta property=\"og:title\" content=\"TPLO Course - Veterinarska znanost i struka 2026\" \/>\n<meta property=\"og:description\" content=\"Lecturers: Assist. Prof. Petar Koste\u0161i\u0107, PhD; Niko Ivki\u0107, DVM Date and time: 23 February 2026, 8:00-17:00 Location: Clinic for Surgery, Orthopedics and Ophthalmology, Faculty of Veterinary Medicine, University of Zagreb Workshop language: Croatian Number of participants: 4\u20138 Price: \u20ac1270 (includes one hot meal)\" \/>\n<meta property=\"og:url\" content=\"https:\/\/veterinaryscienceprofession.eu\/en\/product\/tplo-course\/\" \/>\n<meta property=\"og:site_name\" content=\"Veterinarska znanost i struka 2026\" \/>\n<meta property=\"article:publisher\" content=\"https:\/\/www.facebook.com\/vzs2017\" \/>\n<meta property=\"article:modified_time\" content=\"2026-02-18T13:53:56+00:00\" \/>\n<meta name=\"twitter:card\" content=\"summary_large_image\" \/>\n<meta name=\"twitter:label1\" content=\"Est. reading time\" \/>\n\t<meta name=\"twitter:data1\" content=\"1 minute\" \/>\n<script type=\"application\/ld+json\" class=\"yoast-schema-graph\">{\"@context\":\"https:\/\/schema.org\",\"@graph\":[{\"@type\":\"WebPage\",\"@id\":\"https:\/\/veterinaryscienceprofession.eu\/en\/product\/tplo-course\/\",\"url\":\"https:\/\/veterinaryscienceprofession.eu\/en\/product\/tplo-course\/\",\"name\":\"TPLO Course - Veterinarska znanost i struka 2026\",\"isPartOf\":{\"@id\":\"https:\/\/veterinaryscienceprofession.eu\/#website\"},\"datePublished\":\"2025-12-02T12:49:46+00:00\",\"dateModified\":\"2026-02-18T13:53:56+00:00\",\"breadcrumb\":{\"@id\":\"https:\/\/veterinaryscienceprofession.eu\/en\/product\/tplo-course\/#breadcrumb\"},\"inLanguage\":\"en-US\",\"potentialAction\":[{\"@type\":\"ReadAction\",\"target\":[\"https:\/\/veterinaryscienceprofession.eu\/en\/product\/tplo-course\/\"]}]},{\"@type\":\"BreadcrumbList\",\"@id\":\"https:\/\/veterinaryscienceprofession.eu\/en\/product\/tplo-course\/#breadcrumb\",\"itemListElement\":[{\"@type\":\"ListItem\",\"position\":1,\"name\":\"Home\",\"item\":\"https:\/\/veterinaryscienceprofession.eu\/en\/\"},{\"@type\":\"ListItem\",\"position\":2,\"name\":\"Shop\",\"item\":\"https:\/\/veterinaryscienceprofession.eu\/shop\/\"},{\"@type\":\"ListItem\",\"position\":3,\"name\":\"TPLO Course\"}]},{\"@type\":\"WebSite\",\"@id\":\"https:\/\/veterinaryscienceprofession.eu\/#website\",\"url\":\"https:\/\/veterinaryscienceprofession.eu\/\",\"name\":\"Veterinarska znanost i struka 2026\",\"description\":\"\",\"publisher\":{\"@id\":\"https:\/\/veterinaryscienceprofession.eu\/#organization\"},\"potentialAction\":[{\"@type\":\"SearchAction\",\"target\":{\"@type\":\"EntryPoint\",\"urlTemplate\":\"https:\/\/veterinaryscienceprofession.eu\/?s={search_term_string}\"},\"query-input\":{\"@type\":\"PropertyValueSpecification\",\"valueRequired\":true,\"valueName\":\"search_term_string\"}}],\"inLanguage\":\"en-US\"},{\"@type\":\"Organization\",\"@id\":\"https:\/\/veterinaryscienceprofession.eu\/#organization\",\"name\":\"Veterinarska znanost i struka 2026\",\"url\":\"https:\/\/veterinaryscienceprofession.eu\/\",\"logo\":{\"@type\":\"ImageObject\",\"inLanguage\":\"en-US\",\"@id\":\"https:\/\/veterinaryscienceprofession.eu\/#\/schema\/logo\/image\/\",\"url\":\"https:\/\/veterinaryscienceprofession.eu\/wp-content\/uploads\/2023\/01\/logo.png\",\"contentUrl\":\"https:\/\/veterinaryscienceprofession.eu\/wp-content\/uploads\/2023\/01\/logo.png\",\"width\":356,\"height\":285,\"caption\":\"Veterinarska znanost i struka 2026\"},\"image\":{\"@id\":\"https:\/\/veterinaryscienceprofession.eu\/#\/schema\/logo\/image\/\"},\"sameAs\":[\"https:\/\/www.facebook.com\/vzs2017\"]}]}<\/script>\n<!-- \/ Yoast SEO plugin. -->","yoast_head_json":{"title":"TPLO Course - Veterinarska znanost i struka 2026","robots":{"index":"index","follow":"follow","max-snippet":"max-snippet:-1","max-image-preview":"max-image-preview:large","max-video-preview":"max-video-preview:-1"},"canonical":"https:\/\/veterinaryscienceprofession.eu\/en\/product\/tplo-course\/","og_locale":"en_US","og_type":"article","og_title":"TPLO Course - Veterinarska znanost i struka 2026","og_description":"Lecturers: Assist. Prof. Petar Koste\u0161i\u0107, PhD; Niko Ivki\u0107, DVM Date and time: 23 February 2026, 8:00-17:00 Location: Clinic for Surgery, Orthopedics and Ophthalmology, Faculty of Veterinary Medicine, University of Zagreb Workshop language: Croatian Number of participants: 4\u20138 Price: \u20ac1270 (includes one hot meal)","og_url":"https:\/\/veterinaryscienceprofession.eu\/en\/product\/tplo-course\/","og_site_name":"Veterinarska znanost i struka 2026","article_publisher":"https:\/\/www.facebook.com\/vzs2017","article_modified_time":"2026-02-18T13:53:56+00:00","twitter_card":"summary_large_image","twitter_misc":{"Est. reading time":"1 minute"},"schema":{"@context":"https:\/\/schema.org","@graph":[{"@type":"WebPage","@id":"https:\/\/veterinaryscienceprofession.eu\/en\/product\/tplo-course\/","url":"https:\/\/veterinaryscienceprofession.eu\/en\/product\/tplo-course\/","name":"TPLO Course - Veterinarska znanost i struka 2026","isPartOf":{"@id":"https:\/\/veterinaryscienceprofession.eu\/#website"},"datePublished":"2025-12-02T12:49:46+00:00","dateModified":"2026-02-18T13:53:56+00:00","breadcrumb":{"@id":"https:\/\/veterinaryscienceprofession.eu\/en\/product\/tplo-course\/#breadcrumb"},"inLanguage":"en-US","potentialAction":[{"@type":"ReadAction","target":["https:\/\/veterinaryscienceprofession.eu\/en\/product\/tplo-course\/"]}]},{"@type":"BreadcrumbList","@id":"https:\/\/veterinaryscienceprofession.eu\/en\/product\/tplo-course\/#breadcrumb","itemListElement":[{"@type":"ListItem","position":1,"name":"Home","item":"https:\/\/veterinaryscienceprofession.eu\/en\/"},{"@type":"ListItem","position":2,"name":"Shop","item":"https:\/\/veterinaryscienceprofession.eu\/shop\/"},{"@type":"ListItem","position":3,"name":"TPLO Course"}]},{"@type":"WebSite","@id":"https:\/\/veterinaryscienceprofession.eu\/#website","url":"https:\/\/veterinaryscienceprofession.eu\/","name":"Veterinarska znanost i struka 2026","description":"","publisher":{"@id":"https:\/\/veterinaryscienceprofession.eu\/#organization"},"potentialAction":[{"@type":"SearchAction","target":{"@type":"EntryPoint","urlTemplate":"https:\/\/veterinaryscienceprofession.eu\/?s={search_term_string}"},"query-input":{"@type":"PropertyValueSpecification","valueRequired":true,"valueName":"search_term_string"}}],"inLanguage":"en-US"},{"@type":"Organization","@id":"https:\/\/veterinaryscienceprofession.eu\/#organization","name":"Veterinarska znanost i struka 2026","url":"https:\/\/veterinaryscienceprofession.eu\/","logo":{"@type":"ImageObject","inLanguage":"en-US","@id":"https:\/\/veterinaryscienceprofession.eu\/#\/schema\/logo\/image\/","url":"https:\/\/veterinaryscienceprofession.eu\/wp-content\/uploads\/2023\/01\/logo.png","contentUrl":"https:\/\/veterinaryscienceprofession.eu\/wp-content\/uploads\/2023\/01\/logo.png","width":356,"height":285,"caption":"Veterinarska znanost i struka 2026"},"image":{"@id":"https:\/\/veterinaryscienceprofession.eu\/#\/schema\/logo\/image\/"},"sameAs":["https:\/\/www.facebook.com\/vzs2017"]}]}},"_links":{"self":[{"href":"https:\/\/veterinaryscienceprofession.eu\/en\/wp-json\/wp\/v2\/product\/2391","targetHints":{"allow":["GET"]}}],"collection":[{"href":"https:\/\/veterinaryscienceprofession.eu\/en\/wp-json\/wp\/v2\/product"}],"about":[{"href":"https:\/\/veterinaryscienceprofession.eu\/en\/wp-json\/wp\/v2\/types\/product"}],"version-history":[{"count":3,"href":"https:\/\/veterinaryscienceprofession.eu\/en\/wp-json\/wp\/v2\/product\/2391\/revisions"}],"predecessor-version":[{"id":3044,"href":"https:\/\/veterinaryscienceprofession.eu\/en\/wp-json\/wp\/v2\/product\/2391\/revisions\/3044"}],"wp:attachment":[{"href":"https:\/\/veterinaryscienceprofession.eu\/en\/wp-json\/wp\/v2\/media?parent=2391"}],"wp:term":[{"taxonomy":"product_brand","embeddable":true,"href":"https:\/\/veterinaryscienceprofession.eu\/en\/wp-json\/wp\/v2\/product_brand?post=2391"},{"taxonomy":"product_cat","embeddable":true,"href":"https:\/\/veterinaryscienceprofession.eu\/en\/wp-json\/wp\/v2\/product_cat?post=2391"},{"taxonomy":"product_tag","embeddable":true,"href":"https:\/\/veterinaryscienceprofession.eu\/en\/wp-json\/wp\/v2\/product_tag?post=2391"}],"curies":[{"name":"wp","href":"https:\/\/api.w.org\/{rel}","templated":true}]}}