{"id":2400,"date":"2025-12-02T12:54:40","date_gmt":"2025-12-02T12:54:40","guid":{"rendered":"https:\/\/veterinaryscienceprofession.eu\/?post_type=product&#038;p=2400"},"modified":"2026-02-20T12:02:49","modified_gmt":"2026-02-20T12:02:49","slug":"radiographic-techniques-for-canine-breeding-evaluation","status":"publish","type":"product","link":"https:\/\/veterinaryscienceprofession.eu\/en\/product\/radiographic-techniques-for-canine-breeding-evaluation\/","title":{"rendered":"Radiographic techniques for canine breeding evaluation"},"content":{"rendered":"<p>Training for veterinarians on proper positioning and radiographic techniques, as well as guidance on self-evaluation of radiographs for breeding assessments according to FCI guidelines. Lectures will also cover new findings on hip dysplasia, elbow dysplasia, shoulder osteochondrosis, degenerative vertebral spondylosis, and transitional lumbosacral vertebrae, with emphasis on breed-specific variations in image interpretation. A lecture and demonstration of modern sedation protocols for radiography are also included. The workshop lasts five hours.<\/p>\n","protected":false},"excerpt":{"rendered":"<p><strong>Lecturers:<\/strong> Ana Javor, DVM; Assoc. Prof. Hrvoje Capak, PhD; Assoc. Prof. Zoran Vrbanac, Diplomate EVSMR, ACVSMR; Branimir \u0160krlin, mag. vet. med.; Petra Dmitrovi\u0107, PhD, DVM; Valentina Margi\u0107, spec. vet. med.<br \/>\n<strong>Date and time:<\/strong> 25 February 2026, 11:00-16:00<br \/>\n<strong>Location:<\/strong> Department of Radiology, Ultrasound Diagnostics and Physical Therapy, Faculty of Veterinary Medicine, University of Zagreb<br \/>\n<strong>Workshop language:<\/strong> Croatian<br \/>\n<strong>Number of participants:<\/strong> 5\u201315<br \/>\n<strong>Price:<\/strong> \u20ac250<\/p>\n","protected":false},"featured_media":0,"template":"","meta":[],"product_brand":[],"product_cat":[15],"product_tag":[],"class_list":{"0":"post-2400","1":"product","2":"type-product","3":"status-publish","5":"product_cat-workshop","7":"first","8":"instock","9":"virtual","10":"sold-individually","11":"purchasable","12":"product-type-simple"},"yoast_head":"<!-- This site is optimized with the Yoast SEO plugin v27.0 - https:\/\/yoast.com\/product\/yoast-seo-wordpress\/ -->\n<title>Radiographic techniques for canine breeding evaluation - Veterinarska znanost i struka 2026<\/title>\n<meta name=\"robots\" content=\"index, follow, max-snippet:-1, max-image-preview:large, max-video-preview:-1\" \/>\n<link rel=\"canonical\" href=\"https:\/\/veterinaryscienceprofession.eu\/en\/product\/radiographic-techniques-for-canine-breeding-evaluation\/\" \/>\n<meta property=\"og:locale\" content=\"en_US\" \/>\n<meta property=\"og:type\" content=\"article\" \/>\n<meta property=\"og:title\" content=\"Radiographic techniques for canine breeding evaluation - Veterinarska znanost i struka 2026\" \/>\n<meta property=\"og:description\" content=\"Lecturers: Ana Javor, DVM; Assoc. Prof. Hrvoje Capak, PhD; Assoc. Prof. Zoran Vrbanac, Diplomate EVSMR, ACVSMR; Branimir \u0160krlin, mag. vet. med.; Petra Dmitrovi\u0107, PhD, DVM; Valentina Margi\u0107, spec. vet. med. Date and time: 25 February 2026, 11:00-16:00 Location: Department of Radiology, Ultrasound Diagnostics and Physical Therapy, Faculty of Veterinary Medicine, University of Zagreb Workshop language: Croatian Number of participants: 5\u201315 Price: \u20ac250\" \/>\n<meta property=\"og:url\" content=\"https:\/\/veterinaryscienceprofession.eu\/en\/product\/radiographic-techniques-for-canine-breeding-evaluation\/\" \/>\n<meta property=\"og:site_name\" content=\"Veterinarska znanost i struka 2026\" \/>\n<meta property=\"article:publisher\" content=\"https:\/\/www.facebook.com\/vzs2017\" \/>\n<meta property=\"article:modified_time\" content=\"2026-02-20T12:02:49+00:00\" \/>\n<meta name=\"twitter:card\" content=\"summary_large_image\" \/>\n<meta name=\"twitter:label1\" content=\"Est. reading time\" \/>\n\t<meta name=\"twitter:data1\" content=\"1 minute\" \/>\n<script type=\"application\/ld+json\" class=\"yoast-schema-graph\">{\"@context\":\"https:\/\/schema.org\",\"@graph\":[{\"@type\":\"WebPage\",\"@id\":\"https:\/\/veterinaryscienceprofession.eu\/en\/product\/radiographic-techniques-for-canine-breeding-evaluation\/\",\"url\":\"https:\/\/veterinaryscienceprofession.eu\/en\/product\/radiographic-techniques-for-canine-breeding-evaluation\/\",\"name\":\"Radiographic techniques for canine breeding evaluation - Veterinarska znanost i struka 2026\",\"isPartOf\":{\"@id\":\"https:\/\/veterinaryscienceprofession.eu\/#website\"},\"datePublished\":\"2025-12-02T12:54:40+00:00\",\"dateModified\":\"2026-02-20T12:02:49+00:00\",\"breadcrumb\":{\"@id\":\"https:\/\/veterinaryscienceprofession.eu\/en\/product\/radiographic-techniques-for-canine-breeding-evaluation\/#breadcrumb\"},\"inLanguage\":\"en-US\",\"potentialAction\":[{\"@type\":\"ReadAction\",\"target\":[\"https:\/\/veterinaryscienceprofession.eu\/en\/product\/radiographic-techniques-for-canine-breeding-evaluation\/\"]}]},{\"@type\":\"BreadcrumbList\",\"@id\":\"https:\/\/veterinaryscienceprofession.eu\/en\/product\/radiographic-techniques-for-canine-breeding-evaluation\/#breadcrumb\",\"itemListElement\":[{\"@type\":\"ListItem\",\"position\":1,\"name\":\"Home\",\"item\":\"https:\/\/veterinaryscienceprofession.eu\/en\/\"},{\"@type\":\"ListItem\",\"position\":2,\"name\":\"Shop\",\"item\":\"https:\/\/veterinaryscienceprofession.eu\/shop\/\"},{\"@type\":\"ListItem\",\"position\":3,\"name\":\"Radiographic techniques for canine breeding evaluation\"}]},{\"@type\":\"WebSite\",\"@id\":\"https:\/\/veterinaryscienceprofession.eu\/#website\",\"url\":\"https:\/\/veterinaryscienceprofession.eu\/\",\"name\":\"Veterinarska znanost i struka 2026\",\"description\":\"\",\"publisher\":{\"@id\":\"https:\/\/veterinaryscienceprofession.eu\/#organization\"},\"potentialAction\":[{\"@type\":\"SearchAction\",\"target\":{\"@type\":\"EntryPoint\",\"urlTemplate\":\"https:\/\/veterinaryscienceprofession.eu\/?s={search_term_string}\"},\"query-input\":{\"@type\":\"PropertyValueSpecification\",\"valueRequired\":true,\"valueName\":\"search_term_string\"}}],\"inLanguage\":\"en-US\"},{\"@type\":\"Organization\",\"@id\":\"https:\/\/veterinaryscienceprofession.eu\/#organization\",\"name\":\"Veterinarska znanost i struka 2026\",\"url\":\"https:\/\/veterinaryscienceprofession.eu\/\",\"logo\":{\"@type\":\"ImageObject\",\"inLanguage\":\"en-US\",\"@id\":\"https:\/\/veterinaryscienceprofession.eu\/#\/schema\/logo\/image\/\",\"url\":\"https:\/\/veterinaryscienceprofession.eu\/wp-content\/uploads\/2023\/01\/logo.png\",\"contentUrl\":\"https:\/\/veterinaryscienceprofession.eu\/wp-content\/uploads\/2023\/01\/logo.png\",\"width\":356,\"height\":285,\"caption\":\"Veterinarska znanost i struka 2026\"},\"image\":{\"@id\":\"https:\/\/veterinaryscienceprofession.eu\/#\/schema\/logo\/image\/\"},\"sameAs\":[\"https:\/\/www.facebook.com\/vzs2017\"]}]}<\/script>\n<!-- \/ Yoast SEO plugin. -->","yoast_head_json":{"title":"Radiographic techniques for canine breeding evaluation - Veterinarska znanost i struka 2026","robots":{"index":"index","follow":"follow","max-snippet":"max-snippet:-1","max-image-preview":"max-image-preview:large","max-video-preview":"max-video-preview:-1"},"canonical":"https:\/\/veterinaryscienceprofession.eu\/en\/product\/radiographic-techniques-for-canine-breeding-evaluation\/","og_locale":"en_US","og_type":"article","og_title":"Radiographic techniques for canine breeding evaluation - Veterinarska znanost i struka 2026","og_description":"Lecturers: Ana Javor, DVM; Assoc. Prof. Hrvoje Capak, PhD; Assoc. Prof. Zoran Vrbanac, Diplomate EVSMR, ACVSMR; Branimir \u0160krlin, mag. vet. med.; Petra Dmitrovi\u0107, PhD, DVM; Valentina Margi\u0107, spec. vet. med. Date and time: 25 February 2026, 11:00-16:00 Location: Department of Radiology, Ultrasound Diagnostics and Physical Therapy, Faculty of Veterinary Medicine, University of Zagreb Workshop language: Croatian Number of participants: 5\u201315 Price: \u20ac250","og_url":"https:\/\/veterinaryscienceprofession.eu\/en\/product\/radiographic-techniques-for-canine-breeding-evaluation\/","og_site_name":"Veterinarska znanost i struka 2026","article_publisher":"https:\/\/www.facebook.com\/vzs2017","article_modified_time":"2026-02-20T12:02:49+00:00","twitter_card":"summary_large_image","twitter_misc":{"Est. reading time":"1 minute"},"schema":{"@context":"https:\/\/schema.org","@graph":[{"@type":"WebPage","@id":"https:\/\/veterinaryscienceprofession.eu\/en\/product\/radiographic-techniques-for-canine-breeding-evaluation\/","url":"https:\/\/veterinaryscienceprofession.eu\/en\/product\/radiographic-techniques-for-canine-breeding-evaluation\/","name":"Radiographic techniques for canine breeding evaluation - Veterinarska znanost i struka 2026","isPartOf":{"@id":"https:\/\/veterinaryscienceprofession.eu\/#website"},"datePublished":"2025-12-02T12:54:40+00:00","dateModified":"2026-02-20T12:02:49+00:00","breadcrumb":{"@id":"https:\/\/veterinaryscienceprofession.eu\/en\/product\/radiographic-techniques-for-canine-breeding-evaluation\/#breadcrumb"},"inLanguage":"en-US","potentialAction":[{"@type":"ReadAction","target":["https:\/\/veterinaryscienceprofession.eu\/en\/product\/radiographic-techniques-for-canine-breeding-evaluation\/"]}]},{"@type":"BreadcrumbList","@id":"https:\/\/veterinaryscienceprofession.eu\/en\/product\/radiographic-techniques-for-canine-breeding-evaluation\/#breadcrumb","itemListElement":[{"@type":"ListItem","position":1,"name":"Home","item":"https:\/\/veterinaryscienceprofession.eu\/en\/"},{"@type":"ListItem","position":2,"name":"Shop","item":"https:\/\/veterinaryscienceprofession.eu\/shop\/"},{"@type":"ListItem","position":3,"name":"Radiographic techniques for canine breeding evaluation"}]},{"@type":"WebSite","@id":"https:\/\/veterinaryscienceprofession.eu\/#website","url":"https:\/\/veterinaryscienceprofession.eu\/","name":"Veterinarska znanost i struka 2026","description":"","publisher":{"@id":"https:\/\/veterinaryscienceprofession.eu\/#organization"},"potentialAction":[{"@type":"SearchAction","target":{"@type":"EntryPoint","urlTemplate":"https:\/\/veterinaryscienceprofession.eu\/?s={search_term_string}"},"query-input":{"@type":"PropertyValueSpecification","valueRequired":true,"valueName":"search_term_string"}}],"inLanguage":"en-US"},{"@type":"Organization","@id":"https:\/\/veterinaryscienceprofession.eu\/#organization","name":"Veterinarska znanost i struka 2026","url":"https:\/\/veterinaryscienceprofession.eu\/","logo":{"@type":"ImageObject","inLanguage":"en-US","@id":"https:\/\/veterinaryscienceprofession.eu\/#\/schema\/logo\/image\/","url":"https:\/\/veterinaryscienceprofession.eu\/wp-content\/uploads\/2023\/01\/logo.png","contentUrl":"https:\/\/veterinaryscienceprofession.eu\/wp-content\/uploads\/2023\/01\/logo.png","width":356,"height":285,"caption":"Veterinarska znanost i struka 2026"},"image":{"@id":"https:\/\/veterinaryscienceprofession.eu\/#\/schema\/logo\/image\/"},"sameAs":["https:\/\/www.facebook.com\/vzs2017"]}]}},"_links":{"self":[{"href":"https:\/\/veterinaryscienceprofession.eu\/en\/wp-json\/wp\/v2\/product\/2400","targetHints":{"allow":["GET"]}}],"collection":[{"href":"https:\/\/veterinaryscienceprofession.eu\/en\/wp-json\/wp\/v2\/product"}],"about":[{"href":"https:\/\/veterinaryscienceprofession.eu\/en\/wp-json\/wp\/v2\/types\/product"}],"version-history":[{"count":2,"href":"https:\/\/veterinaryscienceprofession.eu\/en\/wp-json\/wp\/v2\/product\/2400\/revisions"}],"predecessor-version":[{"id":3041,"href":"https:\/\/veterinaryscienceprofession.eu\/en\/wp-json\/wp\/v2\/product\/2400\/revisions\/3041"}],"wp:attachment":[{"href":"https:\/\/veterinaryscienceprofession.eu\/en\/wp-json\/wp\/v2\/media?parent=2400"}],"wp:term":[{"taxonomy":"product_brand","embeddable":true,"href":"https:\/\/veterinaryscienceprofession.eu\/en\/wp-json\/wp\/v2\/product_brand?post=2400"},{"taxonomy":"product_cat","embeddable":true,"href":"https:\/\/veterinaryscienceprofession.eu\/en\/wp-json\/wp\/v2\/product_cat?post=2400"},{"taxonomy":"product_tag","embeddable":true,"href":"https:\/\/veterinaryscienceprofession.eu\/en\/wp-json\/wp\/v2\/product_tag?post=2400"}],"curies":[{"name":"wp","href":"https:\/\/api.w.org\/{rel}","templated":true}]}}