{"id":2409,"date":"2025-12-02T13:00:08","date_gmt":"2025-12-02T13:00:08","guid":{"rendered":"https:\/\/veterinaryscienceprofession.eu\/?post_type=product&#038;p=2409"},"modified":"2026-02-23T14:44:44","modified_gmt":"2026-02-23T14:44:44","slug":"small-mammals-in-focus-clinical-assessment-and-diagnostic-insight","status":"publish","type":"product","link":"https:\/\/veterinaryscienceprofession.eu\/en\/product\/small-mammals-in-focus-clinical-assessment-and-diagnostic-insight\/","title":{"rendered":"Small mammals in focus: clinical assessment and diagnostic insight"},"content":{"rendered":"<p>This professional workshop focuses on small mammal medicine and is intended for veterinarians and veterinary students. Participants will be introduced to basic biology, clinical examination specifics, and the most common health problems in rabbits, guinea pigs, rats, and ferrets. The goal is to deepen participants\u2019 knowledge of diagnosis and treatment of these species. Special emphasis is placed on ultrasound diagnostics and interpretation of radiologic findings to enhance practical skills.<\/p>\n","protected":false},"excerpt":{"rendered":"<p><strong>Lecturers:<\/strong> Gabrijela Jurki\u0107, PhD; Assoc. Prof. Jo\u0161ko Ra\u010dnik, Diplomate ECZM; Maru\u0161a \u0160krbec, DVM<br \/>\n<strong>Date and time:<\/strong> 24 February 2026, 15:00\u201319:00<br \/>\n<strong>Location:<\/strong> Lecture Hall of the Department of Radiology, Ultrasound Diagnostics and Physical Therapy, WildrescueVef &#8211; Rescue center for wild animals at the Faculty of Veterinary Medicine, University of Zagreb<br \/>\n<strong>Workshop language:<\/strong> English<br \/>\n<strong>Number of participants:<\/strong> max. 10<br \/>\n<strong>Price:<\/strong> \u20ac200<\/p>\n","protected":false},"featured_media":0,"template":"","meta":[],"product_brand":[],"product_cat":[15],"product_tag":[],"class_list":{"0":"post-2409","1":"product","2":"type-product","3":"status-publish","5":"product_cat-workshop","7":"first","8":"instock","9":"virtual","10":"sold-individually","11":"purchasable","12":"product-type-simple"},"yoast_head":"<!-- This site is optimized with the Yoast SEO plugin v27.0 - https:\/\/yoast.com\/product\/yoast-seo-wordpress\/ -->\n<title>Small mammals in focus: clinical assessment and diagnostic insight - Veterinarska znanost i struka 2026<\/title>\n<meta name=\"robots\" content=\"index, follow, max-snippet:-1, max-image-preview:large, max-video-preview:-1\" \/>\n<link rel=\"canonical\" href=\"https:\/\/veterinaryscienceprofession.eu\/en\/product\/small-mammals-in-focus-clinical-assessment-and-diagnostic-insight\/\" \/>\n<meta property=\"og:locale\" content=\"en_US\" \/>\n<meta property=\"og:type\" content=\"article\" \/>\n<meta property=\"og:title\" content=\"Small mammals in focus: clinical assessment and diagnostic insight - Veterinarska znanost i struka 2026\" \/>\n<meta property=\"og:description\" content=\"Lecturers: Gabrijela Jurki\u0107, PhD; Assoc. Prof. Jo\u0161ko Ra\u010dnik, Diplomate ECZM; Maru\u0161a \u0160krbec, DVM Date and time: 24 February 2026, 15:00\u201319:00 Location: Lecture Hall of the Department of Radiology, Ultrasound Diagnostics and Physical Therapy, WildrescueVef - Rescue center for wild animals at the Faculty of Veterinary Medicine, University of Zagreb Workshop language: English Number of participants: max. 10 Price: \u20ac200\" \/>\n<meta property=\"og:url\" content=\"https:\/\/veterinaryscienceprofession.eu\/en\/product\/small-mammals-in-focus-clinical-assessment-and-diagnostic-insight\/\" \/>\n<meta property=\"og:site_name\" content=\"Veterinarska znanost i struka 2026\" \/>\n<meta property=\"article:publisher\" content=\"https:\/\/www.facebook.com\/vzs2017\" \/>\n<meta property=\"article:modified_time\" content=\"2026-02-23T14:44:44+00:00\" \/>\n<meta name=\"twitter:card\" content=\"summary_large_image\" \/>\n<meta name=\"twitter:label1\" content=\"Est. reading time\" \/>\n\t<meta name=\"twitter:data1\" content=\"1 minute\" \/>\n<script type=\"application\/ld+json\" class=\"yoast-schema-graph\">{\"@context\":\"https:\/\/schema.org\",\"@graph\":[{\"@type\":\"WebPage\",\"@id\":\"https:\/\/veterinaryscienceprofession.eu\/en\/product\/small-mammals-in-focus-clinical-assessment-and-diagnostic-insight\/\",\"url\":\"https:\/\/veterinaryscienceprofession.eu\/en\/product\/small-mammals-in-focus-clinical-assessment-and-diagnostic-insight\/\",\"name\":\"Small mammals in focus: clinical assessment and diagnostic insight - Veterinarska znanost i struka 2026\",\"isPartOf\":{\"@id\":\"https:\/\/veterinaryscienceprofession.eu\/#website\"},\"datePublished\":\"2025-12-02T13:00:08+00:00\",\"dateModified\":\"2026-02-23T14:44:44+00:00\",\"breadcrumb\":{\"@id\":\"https:\/\/veterinaryscienceprofession.eu\/en\/product\/small-mammals-in-focus-clinical-assessment-and-diagnostic-insight\/#breadcrumb\"},\"inLanguage\":\"en-US\",\"potentialAction\":[{\"@type\":\"ReadAction\",\"target\":[\"https:\/\/veterinaryscienceprofession.eu\/en\/product\/small-mammals-in-focus-clinical-assessment-and-diagnostic-insight\/\"]}]},{\"@type\":\"BreadcrumbList\",\"@id\":\"https:\/\/veterinaryscienceprofession.eu\/en\/product\/small-mammals-in-focus-clinical-assessment-and-diagnostic-insight\/#breadcrumb\",\"itemListElement\":[{\"@type\":\"ListItem\",\"position\":1,\"name\":\"Home\",\"item\":\"https:\/\/veterinaryscienceprofession.eu\/en\/\"},{\"@type\":\"ListItem\",\"position\":2,\"name\":\"Shop\",\"item\":\"https:\/\/veterinaryscienceprofession.eu\/shop\/\"},{\"@type\":\"ListItem\",\"position\":3,\"name\":\"Small mammals in focus: clinical assessment and diagnostic insight\"}]},{\"@type\":\"WebSite\",\"@id\":\"https:\/\/veterinaryscienceprofession.eu\/#website\",\"url\":\"https:\/\/veterinaryscienceprofession.eu\/\",\"name\":\"Veterinarska znanost i struka 2026\",\"description\":\"\",\"publisher\":{\"@id\":\"https:\/\/veterinaryscienceprofession.eu\/#organization\"},\"potentialAction\":[{\"@type\":\"SearchAction\",\"target\":{\"@type\":\"EntryPoint\",\"urlTemplate\":\"https:\/\/veterinaryscienceprofession.eu\/?s={search_term_string}\"},\"query-input\":{\"@type\":\"PropertyValueSpecification\",\"valueRequired\":true,\"valueName\":\"search_term_string\"}}],\"inLanguage\":\"en-US\"},{\"@type\":\"Organization\",\"@id\":\"https:\/\/veterinaryscienceprofession.eu\/#organization\",\"name\":\"Veterinarska znanost i struka 2026\",\"url\":\"https:\/\/veterinaryscienceprofession.eu\/\",\"logo\":{\"@type\":\"ImageObject\",\"inLanguage\":\"en-US\",\"@id\":\"https:\/\/veterinaryscienceprofession.eu\/#\/schema\/logo\/image\/\",\"url\":\"https:\/\/veterinaryscienceprofession.eu\/wp-content\/uploads\/2023\/01\/logo.png\",\"contentUrl\":\"https:\/\/veterinaryscienceprofession.eu\/wp-content\/uploads\/2023\/01\/logo.png\",\"width\":356,\"height\":285,\"caption\":\"Veterinarska znanost i struka 2026\"},\"image\":{\"@id\":\"https:\/\/veterinaryscienceprofession.eu\/#\/schema\/logo\/image\/\"},\"sameAs\":[\"https:\/\/www.facebook.com\/vzs2017\"]}]}<\/script>\n<!-- \/ Yoast SEO plugin. -->","yoast_head_json":{"title":"Small mammals in focus: clinical assessment and diagnostic insight - Veterinarska znanost i struka 2026","robots":{"index":"index","follow":"follow","max-snippet":"max-snippet:-1","max-image-preview":"max-image-preview:large","max-video-preview":"max-video-preview:-1"},"canonical":"https:\/\/veterinaryscienceprofession.eu\/en\/product\/small-mammals-in-focus-clinical-assessment-and-diagnostic-insight\/","og_locale":"en_US","og_type":"article","og_title":"Small mammals in focus: clinical assessment and diagnostic insight - Veterinarska znanost i struka 2026","og_description":"Lecturers: Gabrijela Jurki\u0107, PhD; Assoc. Prof. Jo\u0161ko Ra\u010dnik, Diplomate ECZM; Maru\u0161a \u0160krbec, DVM Date and time: 24 February 2026, 15:00\u201319:00 Location: Lecture Hall of the Department of Radiology, Ultrasound Diagnostics and Physical Therapy, WildrescueVef - Rescue center for wild animals at the Faculty of Veterinary Medicine, University of Zagreb Workshop language: English Number of participants: max. 10 Price: \u20ac200","og_url":"https:\/\/veterinaryscienceprofession.eu\/en\/product\/small-mammals-in-focus-clinical-assessment-and-diagnostic-insight\/","og_site_name":"Veterinarska znanost i struka 2026","article_publisher":"https:\/\/www.facebook.com\/vzs2017","article_modified_time":"2026-02-23T14:44:44+00:00","twitter_card":"summary_large_image","twitter_misc":{"Est. reading time":"1 minute"},"schema":{"@context":"https:\/\/schema.org","@graph":[{"@type":"WebPage","@id":"https:\/\/veterinaryscienceprofession.eu\/en\/product\/small-mammals-in-focus-clinical-assessment-and-diagnostic-insight\/","url":"https:\/\/veterinaryscienceprofession.eu\/en\/product\/small-mammals-in-focus-clinical-assessment-and-diagnostic-insight\/","name":"Small mammals in focus: clinical assessment and diagnostic insight - Veterinarska znanost i struka 2026","isPartOf":{"@id":"https:\/\/veterinaryscienceprofession.eu\/#website"},"datePublished":"2025-12-02T13:00:08+00:00","dateModified":"2026-02-23T14:44:44+00:00","breadcrumb":{"@id":"https:\/\/veterinaryscienceprofession.eu\/en\/product\/small-mammals-in-focus-clinical-assessment-and-diagnostic-insight\/#breadcrumb"},"inLanguage":"en-US","potentialAction":[{"@type":"ReadAction","target":["https:\/\/veterinaryscienceprofession.eu\/en\/product\/small-mammals-in-focus-clinical-assessment-and-diagnostic-insight\/"]}]},{"@type":"BreadcrumbList","@id":"https:\/\/veterinaryscienceprofession.eu\/en\/product\/small-mammals-in-focus-clinical-assessment-and-diagnostic-insight\/#breadcrumb","itemListElement":[{"@type":"ListItem","position":1,"name":"Home","item":"https:\/\/veterinaryscienceprofession.eu\/en\/"},{"@type":"ListItem","position":2,"name":"Shop","item":"https:\/\/veterinaryscienceprofession.eu\/shop\/"},{"@type":"ListItem","position":3,"name":"Small mammals in focus: clinical assessment and diagnostic insight"}]},{"@type":"WebSite","@id":"https:\/\/veterinaryscienceprofession.eu\/#website","url":"https:\/\/veterinaryscienceprofession.eu\/","name":"Veterinarska znanost i struka 2026","description":"","publisher":{"@id":"https:\/\/veterinaryscienceprofession.eu\/#organization"},"potentialAction":[{"@type":"SearchAction","target":{"@type":"EntryPoint","urlTemplate":"https:\/\/veterinaryscienceprofession.eu\/?s={search_term_string}"},"query-input":{"@type":"PropertyValueSpecification","valueRequired":true,"valueName":"search_term_string"}}],"inLanguage":"en-US"},{"@type":"Organization","@id":"https:\/\/veterinaryscienceprofession.eu\/#organization","name":"Veterinarska znanost i struka 2026","url":"https:\/\/veterinaryscienceprofession.eu\/","logo":{"@type":"ImageObject","inLanguage":"en-US","@id":"https:\/\/veterinaryscienceprofession.eu\/#\/schema\/logo\/image\/","url":"https:\/\/veterinaryscienceprofession.eu\/wp-content\/uploads\/2023\/01\/logo.png","contentUrl":"https:\/\/veterinaryscienceprofession.eu\/wp-content\/uploads\/2023\/01\/logo.png","width":356,"height":285,"caption":"Veterinarska znanost i struka 2026"},"image":{"@id":"https:\/\/veterinaryscienceprofession.eu\/#\/schema\/logo\/image\/"},"sameAs":["https:\/\/www.facebook.com\/vzs2017"]}]}},"_links":{"self":[{"href":"https:\/\/veterinaryscienceprofession.eu\/en\/wp-json\/wp\/v2\/product\/2409","targetHints":{"allow":["GET"]}}],"collection":[{"href":"https:\/\/veterinaryscienceprofession.eu\/en\/wp-json\/wp\/v2\/product"}],"about":[{"href":"https:\/\/veterinaryscienceprofession.eu\/en\/wp-json\/wp\/v2\/types\/product"}],"version-history":[{"count":2,"href":"https:\/\/veterinaryscienceprofession.eu\/en\/wp-json\/wp\/v2\/product\/2409\/revisions"}],"predecessor-version":[{"id":3039,"href":"https:\/\/veterinaryscienceprofession.eu\/en\/wp-json\/wp\/v2\/product\/2409\/revisions\/3039"}],"wp:attachment":[{"href":"https:\/\/veterinaryscienceprofession.eu\/en\/wp-json\/wp\/v2\/media?parent=2409"}],"wp:term":[{"taxonomy":"product_brand","embeddable":true,"href":"https:\/\/veterinaryscienceprofession.eu\/en\/wp-json\/wp\/v2\/product_brand?post=2409"},{"taxonomy":"product_cat","embeddable":true,"href":"https:\/\/veterinaryscienceprofession.eu\/en\/wp-json\/wp\/v2\/product_cat?post=2409"},{"taxonomy":"product_tag","embeddable":true,"href":"https:\/\/veterinaryscienceprofession.eu\/en\/wp-json\/wp\/v2\/product_tag?post=2409"}],"curies":[{"name":"wp","href":"https:\/\/api.w.org\/{rel}","templated":true}]}}