{"id":2617,"date":"2026-01-20T10:49:34","date_gmt":"2026-01-20T10:49:34","guid":{"rendered":"https:\/\/veterinaryscienceprofession.eu\/?post_type=product&#038;p=2617"},"modified":"2026-01-30T12:42:20","modified_gmt":"2026-01-30T12:42:20","slug":"automatizirane-metode-u-mikrobioloskoj-pretrazi-hrane","status":"publish","type":"product","link":"https:\/\/veterinaryscienceprofession.eu\/en\/product\/automatizirane-metode-u-mikrobioloskoj-pretrazi-hrane\/","title":{"rendered":"Automatizirane metode u mikrobiolo\u0161koj pretrazi hrane"},"content":{"rendered":"<p>Radionica je namijenjena studentima 5. i 6. godine integriranog preddiplomskog i diplomskog studija veterinarske medicine. Sudjelovanjem na radionici studenti \u0107e ste\u0107i prakti\u010dno iskustvo iz:<\/p>\n<ul>\n<li>mikrobiolo\u0161ke obrade uzoraka hrane primjenom najsuvremenijih robotiziranih ure\u0111aja u gravimetrijskoj diluciji, homogenizaciji, decimalnim razrje\u0111enjima i razli\u010ditim tehnikama nasa\u0111ivanja na hranjive podloge (eksponencijalno, cirkularno i dr.)<\/li>\n<li>o\u010ditavanja rezultata automatiziranim \u010dita\u010dem (scanner) te ih usporediti sa rezultatima dobivenim standardnim metodama<\/li>\n<li>rukovanja s automatiziranim ure\u0111ajima te prate\u0107im softverima<\/li>\n<\/ul>\n","protected":false},"excerpt":{"rendered":"<ul>\n<li style=\"list-style-type: none;\">\n<ul>\n<li>Voditeljice: dr. sc. Marta Ki\u0161, Mladenka\u00a0Vuk\u0161i\u0107, dr. med.\u00a0vet.<\/li>\n<li>Datum: 24.\u00a0velja\u010de\u00a02026.<\/li>\n<li>Jezik:\u00a0hrvatski<\/li>\n<li>\n<div role=\"presentation\">Maksimalan broj mjesta:15<\/div>\n<\/li>\n<\/ul>\n<\/li>\n<\/ul>\n","protected":false},"featured_media":0,"template":"","meta":[],"product_brand":[],"product_cat":[55],"product_tag":[],"class_list":{"0":"post-2617","1":"product","2":"type-product","3":"status-publish","5":"product_cat-za-studente","7":"first","8":"instock","9":"virtual","10":"sold-individually","11":"purchasable","12":"product-type-simple"},"yoast_head":"<!-- This site is optimized with the Yoast SEO plugin v27.0 - https:\/\/yoast.com\/product\/yoast-seo-wordpress\/ -->\n<title>Automatizirane metode u mikrobiolo\u0161koj pretrazi hrane - Veterinarska znanost i struka 2026<\/title>\n<meta name=\"robots\" content=\"index, follow, max-snippet:-1, max-image-preview:large, max-video-preview:-1\" \/>\n<link rel=\"canonical\" href=\"https:\/\/veterinaryscienceprofession.eu\/product\/automatizirane-metode-u-mikrobioloskoj-pretrazi-hrane\/\" \/>\n<meta property=\"og:locale\" content=\"en_US\" \/>\n<meta property=\"og:type\" content=\"article\" \/>\n<meta property=\"og:title\" content=\"Automatizirane metode u mikrobiolo\u0161koj pretrazi hrane - Veterinarska znanost i struka 2026\" \/>\n<meta property=\"og:description\" content=\"Voditeljice: dr. sc. Marta Ki\u0161, Mladenka\u00a0Vuk\u0161i\u0107, dr. med.\u00a0vet.  Datum: 24.\u00a0velja\u010de\u00a02026.  Jezik:\u00a0hrvatski   Maksimalan broj mjesta:15\" \/>\n<meta property=\"og:url\" content=\"https:\/\/veterinaryscienceprofession.eu\/product\/automatizirane-metode-u-mikrobioloskoj-pretrazi-hrane\/\" \/>\n<meta property=\"og:site_name\" content=\"Veterinarska znanost i struka 2026\" \/>\n<meta property=\"article:publisher\" content=\"https:\/\/www.facebook.com\/vzs2017\" \/>\n<meta property=\"article:modified_time\" content=\"2026-01-30T12:42:20+00:00\" \/>\n<meta name=\"twitter:card\" content=\"summary_large_image\" \/>\n<meta name=\"twitter:label1\" content=\"Est. reading time\" \/>\n\t<meta name=\"twitter:data1\" content=\"1 minute\" \/>\n<script type=\"application\/ld+json\" class=\"yoast-schema-graph\">{\"@context\":\"https:\/\/schema.org\",\"@graph\":[{\"@type\":\"WebPage\",\"@id\":\"https:\/\/veterinaryscienceprofession.eu\/product\/automatizirane-metode-u-mikrobioloskoj-pretrazi-hrane\/\",\"url\":\"https:\/\/veterinaryscienceprofession.eu\/product\/automatizirane-metode-u-mikrobioloskoj-pretrazi-hrane\/\",\"name\":\"Automatizirane metode u mikrobiolo\u0161koj pretrazi hrane - Veterinarska znanost i struka 2026\",\"isPartOf\":{\"@id\":\"https:\/\/veterinaryscienceprofession.eu\/#website\"},\"datePublished\":\"2026-01-20T10:49:34+00:00\",\"dateModified\":\"2026-01-30T12:42:20+00:00\",\"breadcrumb\":{\"@id\":\"https:\/\/veterinaryscienceprofession.eu\/product\/automatizirane-metode-u-mikrobioloskoj-pretrazi-hrane\/#breadcrumb\"},\"inLanguage\":\"en-US\",\"potentialAction\":[{\"@type\":\"ReadAction\",\"target\":[\"https:\/\/veterinaryscienceprofession.eu\/product\/automatizirane-metode-u-mikrobioloskoj-pretrazi-hrane\/\"]}]},{\"@type\":\"BreadcrumbList\",\"@id\":\"https:\/\/veterinaryscienceprofession.eu\/product\/automatizirane-metode-u-mikrobioloskoj-pretrazi-hrane\/#breadcrumb\",\"itemListElement\":[{\"@type\":\"ListItem\",\"position\":1,\"name\":\"Home\",\"item\":\"https:\/\/veterinaryscienceprofession.eu\/en\/\"},{\"@type\":\"ListItem\",\"position\":2,\"name\":\"Shop\",\"item\":\"https:\/\/veterinaryscienceprofession.eu\/shop\/\"},{\"@type\":\"ListItem\",\"position\":3,\"name\":\"Automatizirane metode u mikrobiolo\u0161koj pretrazi hrane\"}]},{\"@type\":\"WebSite\",\"@id\":\"https:\/\/veterinaryscienceprofession.eu\/#website\",\"url\":\"https:\/\/veterinaryscienceprofession.eu\/\",\"name\":\"Veterinarska znanost i struka 2026\",\"description\":\"\",\"publisher\":{\"@id\":\"https:\/\/veterinaryscienceprofession.eu\/#organization\"},\"potentialAction\":[{\"@type\":\"SearchAction\",\"target\":{\"@type\":\"EntryPoint\",\"urlTemplate\":\"https:\/\/veterinaryscienceprofession.eu\/?s={search_term_string}\"},\"query-input\":{\"@type\":\"PropertyValueSpecification\",\"valueRequired\":true,\"valueName\":\"search_term_string\"}}],\"inLanguage\":\"en-US\"},{\"@type\":\"Organization\",\"@id\":\"https:\/\/veterinaryscienceprofession.eu\/#organization\",\"name\":\"Veterinarska znanost i struka 2026\",\"url\":\"https:\/\/veterinaryscienceprofession.eu\/\",\"logo\":{\"@type\":\"ImageObject\",\"inLanguage\":\"en-US\",\"@id\":\"https:\/\/veterinaryscienceprofession.eu\/#\/schema\/logo\/image\/\",\"url\":\"https:\/\/veterinaryscienceprofession.eu\/wp-content\/uploads\/2023\/01\/logo.png\",\"contentUrl\":\"https:\/\/veterinaryscienceprofession.eu\/wp-content\/uploads\/2023\/01\/logo.png\",\"width\":356,\"height\":285,\"caption\":\"Veterinarska znanost i struka 2026\"},\"image\":{\"@id\":\"https:\/\/veterinaryscienceprofession.eu\/#\/schema\/logo\/image\/\"},\"sameAs\":[\"https:\/\/www.facebook.com\/vzs2017\"]}]}<\/script>\n<!-- \/ Yoast SEO plugin. -->","yoast_head_json":{"title":"Automatizirane metode u mikrobiolo\u0161koj pretrazi hrane - Veterinarska znanost i struka 2026","robots":{"index":"index","follow":"follow","max-snippet":"max-snippet:-1","max-image-preview":"max-image-preview:large","max-video-preview":"max-video-preview:-1"},"canonical":"https:\/\/veterinaryscienceprofession.eu\/product\/automatizirane-metode-u-mikrobioloskoj-pretrazi-hrane\/","og_locale":"en_US","og_type":"article","og_title":"Automatizirane metode u mikrobiolo\u0161koj pretrazi hrane - Veterinarska znanost i struka 2026","og_description":"Voditeljice: dr. sc. Marta Ki\u0161, Mladenka\u00a0Vuk\u0161i\u0107, dr. med.\u00a0vet.  Datum: 24.\u00a0velja\u010de\u00a02026.  Jezik:\u00a0hrvatski   Maksimalan broj mjesta:15","og_url":"https:\/\/veterinaryscienceprofession.eu\/product\/automatizirane-metode-u-mikrobioloskoj-pretrazi-hrane\/","og_site_name":"Veterinarska znanost i struka 2026","article_publisher":"https:\/\/www.facebook.com\/vzs2017","article_modified_time":"2026-01-30T12:42:20+00:00","twitter_card":"summary_large_image","twitter_misc":{"Est. reading time":"1 minute"},"schema":{"@context":"https:\/\/schema.org","@graph":[{"@type":"WebPage","@id":"https:\/\/veterinaryscienceprofession.eu\/product\/automatizirane-metode-u-mikrobioloskoj-pretrazi-hrane\/","url":"https:\/\/veterinaryscienceprofession.eu\/product\/automatizirane-metode-u-mikrobioloskoj-pretrazi-hrane\/","name":"Automatizirane metode u mikrobiolo\u0161koj pretrazi hrane - Veterinarska znanost i struka 2026","isPartOf":{"@id":"https:\/\/veterinaryscienceprofession.eu\/#website"},"datePublished":"2026-01-20T10:49:34+00:00","dateModified":"2026-01-30T12:42:20+00:00","breadcrumb":{"@id":"https:\/\/veterinaryscienceprofession.eu\/product\/automatizirane-metode-u-mikrobioloskoj-pretrazi-hrane\/#breadcrumb"},"inLanguage":"en-US","potentialAction":[{"@type":"ReadAction","target":["https:\/\/veterinaryscienceprofession.eu\/product\/automatizirane-metode-u-mikrobioloskoj-pretrazi-hrane\/"]}]},{"@type":"BreadcrumbList","@id":"https:\/\/veterinaryscienceprofession.eu\/product\/automatizirane-metode-u-mikrobioloskoj-pretrazi-hrane\/#breadcrumb","itemListElement":[{"@type":"ListItem","position":1,"name":"Home","item":"https:\/\/veterinaryscienceprofession.eu\/en\/"},{"@type":"ListItem","position":2,"name":"Shop","item":"https:\/\/veterinaryscienceprofession.eu\/shop\/"},{"@type":"ListItem","position":3,"name":"Automatizirane metode u mikrobiolo\u0161koj pretrazi hrane"}]},{"@type":"WebSite","@id":"https:\/\/veterinaryscienceprofession.eu\/#website","url":"https:\/\/veterinaryscienceprofession.eu\/","name":"Veterinarska znanost i struka 2026","description":"","publisher":{"@id":"https:\/\/veterinaryscienceprofession.eu\/#organization"},"potentialAction":[{"@type":"SearchAction","target":{"@type":"EntryPoint","urlTemplate":"https:\/\/veterinaryscienceprofession.eu\/?s={search_term_string}"},"query-input":{"@type":"PropertyValueSpecification","valueRequired":true,"valueName":"search_term_string"}}],"inLanguage":"en-US"},{"@type":"Organization","@id":"https:\/\/veterinaryscienceprofession.eu\/#organization","name":"Veterinarska znanost i struka 2026","url":"https:\/\/veterinaryscienceprofession.eu\/","logo":{"@type":"ImageObject","inLanguage":"en-US","@id":"https:\/\/veterinaryscienceprofession.eu\/#\/schema\/logo\/image\/","url":"https:\/\/veterinaryscienceprofession.eu\/wp-content\/uploads\/2023\/01\/logo.png","contentUrl":"https:\/\/veterinaryscienceprofession.eu\/wp-content\/uploads\/2023\/01\/logo.png","width":356,"height":285,"caption":"Veterinarska znanost i struka 2026"},"image":{"@id":"https:\/\/veterinaryscienceprofession.eu\/#\/schema\/logo\/image\/"},"sameAs":["https:\/\/www.facebook.com\/vzs2017"]}]}},"_links":{"self":[{"href":"https:\/\/veterinaryscienceprofession.eu\/en\/wp-json\/wp\/v2\/product\/2617","targetHints":{"allow":["GET"]}}],"collection":[{"href":"https:\/\/veterinaryscienceprofession.eu\/en\/wp-json\/wp\/v2\/product"}],"about":[{"href":"https:\/\/veterinaryscienceprofession.eu\/en\/wp-json\/wp\/v2\/types\/product"}],"version-history":[{"count":2,"href":"https:\/\/veterinaryscienceprofession.eu\/en\/wp-json\/wp\/v2\/product\/2617\/revisions"}],"predecessor-version":[{"id":2672,"href":"https:\/\/veterinaryscienceprofession.eu\/en\/wp-json\/wp\/v2\/product\/2617\/revisions\/2672"}],"wp:attachment":[{"href":"https:\/\/veterinaryscienceprofession.eu\/en\/wp-json\/wp\/v2\/media?parent=2617"}],"wp:term":[{"taxonomy":"product_brand","embeddable":true,"href":"https:\/\/veterinaryscienceprofession.eu\/en\/wp-json\/wp\/v2\/product_brand?post=2617"},{"taxonomy":"product_cat","embeddable":true,"href":"https:\/\/veterinaryscienceprofession.eu\/en\/wp-json\/wp\/v2\/product_cat?post=2617"},{"taxonomy":"product_tag","embeddable":true,"href":"https:\/\/veterinaryscienceprofession.eu\/en\/wp-json\/wp\/v2\/product_tag?post=2617"}],"curies":[{"name":"wp","href":"https:\/\/api.w.org\/{rel}","templated":true}]}}