{"id":2619,"date":"2026-01-20T10:51:36","date_gmt":"2026-01-20T10:51:36","guid":{"rendered":"https:\/\/veterinaryscienceprofession.eu\/?post_type=product&#038;p=2619"},"modified":"2026-02-18T18:19:58","modified_gmt":"2026-02-18T18:19:58","slug":"hitni-slucajevi-rendgenska-dijagnostika-u-veterinarskoj-medicini","status":"publish","type":"product","link":"https:\/\/veterinaryscienceprofession.eu\/en\/product\/hitni-slucajevi-rendgenska-dijagnostika-u-veterinarskoj-medicini\/","title":{"rendered":"Hitni slu\u010dajevi &#8211; rendgenska dijagnostika u veterinarskoj medicini"},"content":{"rendered":"<p>Ova kratka, interaktivna radionica usmjerena je na <em>case-based<\/em> raspravu o primjeni rendgenske dijagnostike u hitnim veterinarskim stanjima. Studenti \u0107e kroz stvarne klini\u010dke primjere analizirati radiografske slike, prepoznavati naj\u010de\u0161\u0107e hitne patologije (traume, torzije, opstrukcije, akutne respiratorne probleme) te donositi dijagnosti\u010dke i terapijske odluke.<\/p>\n<p>Naglasak je na razvoju prakti\u010dnih vje\u0161tina, pravilnom pozicioniranju \u017eivotinja, sigurnom rukovanju radiolo\u0161kom opremom i kriti\u010dkom interpretiranju snimaka. Radionica poti\u010de aktivno sudjelovanje, timski rad i samostalno rje\u0161avanje problema u simuliranim hitnim situacijama.<\/p>\n","protected":false},"excerpt":{"rendered":"<ul>\n<li>Voditelji: Barbara\u00a0Mratovi\u0107,\u00a0dr.\u00a0med.\u00a0vet.,\u00a0Ana Javor dr.\u00a0med.\u00a0vet.,\u00a0 Petar\u00a0Krolo dr.\u00a0med.\u00a0vet.<\/li>\n<li>Datum\u00a0i\u00a0vrijeme:\u00a024.\u00a0velja\u010de\u00a02026.,\u00a012:00-14:00<\/li>\n<li>Mjesto\u00a0odr\u017eavanja:\u00a0Predavaonica\u00a0Zavoda za\u00a0rendgenologiju,\u00a0ultrazvu\u010dnu\u00a0dijagnostiku\u00a0i\u00a0fizikalnu\u00a0terapiju<\/li>\n<li>Jezik:\u00a0hrvatski<\/li>\n<li>\n<div role=\"presentation\">Maksimalan broj mjesta:\u00a016<\/div>\n<\/li>\n<\/ul>\n","protected":false},"featured_media":0,"template":"","meta":[],"product_brand":[],"product_cat":[55],"product_tag":[],"class_list":{"0":"post-2619","1":"product","2":"type-product","3":"status-publish","5":"product_cat-za-studente","7":"first","8":"outofstock","9":"virtual","10":"sold-individually","11":"purchasable","12":"product-type-simple"},"yoast_head":"<!-- This site is optimized with the Yoast SEO plugin v27.0 - https:\/\/yoast.com\/product\/yoast-seo-wordpress\/ -->\n<title>Hitni slu\u010dajevi - rendgenska dijagnostika u veterinarskoj medicini - Veterinarska znanost i struka 2026<\/title>\n<meta name=\"robots\" content=\"index, follow, max-snippet:-1, max-image-preview:large, max-video-preview:-1\" \/>\n<link rel=\"canonical\" href=\"https:\/\/veterinaryscienceprofession.eu\/product\/hitni-slucajevi-rendgenska-dijagnostika-u-veterinarskoj-medicini\/\" \/>\n<meta property=\"og:locale\" content=\"en_US\" \/>\n<meta property=\"og:type\" content=\"article\" \/>\n<meta property=\"og:title\" content=\"Hitni slu\u010dajevi - rendgenska dijagnostika u veterinarskoj medicini - Veterinarska znanost i struka 2026\" \/>\n<meta property=\"og:description\" content=\"Voditelji: Barbara\u00a0Mratovi\u0107,\u00a0dr.\u00a0med.\u00a0vet.,\u00a0Ana Javor dr.\u00a0med.\u00a0vet.,\u00a0 Petar\u00a0Krolo dr.\u00a0med.\u00a0vet.  Datum\u00a0i\u00a0vrijeme:\u00a024.\u00a0velja\u010de\u00a02026.,\u00a012:00-14:00  Mjesto\u00a0odr\u017eavanja:\u00a0Predavaonica\u00a0Zavoda za\u00a0rendgenologiju,\u00a0ultrazvu\u010dnu\u00a0dijagnostiku\u00a0i\u00a0fizikalnu\u00a0terapiju  Jezik:\u00a0hrvatski   Maksimalan broj mjesta:\u00a016\" \/>\n<meta property=\"og:url\" content=\"https:\/\/veterinaryscienceprofession.eu\/product\/hitni-slucajevi-rendgenska-dijagnostika-u-veterinarskoj-medicini\/\" \/>\n<meta property=\"og:site_name\" content=\"Veterinarska znanost i struka 2026\" \/>\n<meta property=\"article:publisher\" content=\"https:\/\/www.facebook.com\/vzs2017\" \/>\n<meta property=\"article:modified_time\" content=\"2026-02-18T18:19:58+00:00\" \/>\n<meta name=\"twitter:card\" content=\"summary_large_image\" \/>\n<meta name=\"twitter:label1\" content=\"Est. reading time\" \/>\n\t<meta name=\"twitter:data1\" content=\"1 minute\" \/>\n<script type=\"application\/ld+json\" class=\"yoast-schema-graph\">{\"@context\":\"https:\/\/schema.org\",\"@graph\":[{\"@type\":\"WebPage\",\"@id\":\"https:\/\/veterinaryscienceprofession.eu\/product\/hitni-slucajevi-rendgenska-dijagnostika-u-veterinarskoj-medicini\/\",\"url\":\"https:\/\/veterinaryscienceprofession.eu\/product\/hitni-slucajevi-rendgenska-dijagnostika-u-veterinarskoj-medicini\/\",\"name\":\"Hitni slu\u010dajevi - rendgenska dijagnostika u veterinarskoj medicini - Veterinarska znanost i struka 2026\",\"isPartOf\":{\"@id\":\"https:\/\/veterinaryscienceprofession.eu\/#website\"},\"datePublished\":\"2026-01-20T10:51:36+00:00\",\"dateModified\":\"2026-02-18T18:19:58+00:00\",\"breadcrumb\":{\"@id\":\"https:\/\/veterinaryscienceprofession.eu\/product\/hitni-slucajevi-rendgenska-dijagnostika-u-veterinarskoj-medicini\/#breadcrumb\"},\"inLanguage\":\"en-US\",\"potentialAction\":[{\"@type\":\"ReadAction\",\"target\":[\"https:\/\/veterinaryscienceprofession.eu\/product\/hitni-slucajevi-rendgenska-dijagnostika-u-veterinarskoj-medicini\/\"]}]},{\"@type\":\"BreadcrumbList\",\"@id\":\"https:\/\/veterinaryscienceprofession.eu\/product\/hitni-slucajevi-rendgenska-dijagnostika-u-veterinarskoj-medicini\/#breadcrumb\",\"itemListElement\":[{\"@type\":\"ListItem\",\"position\":1,\"name\":\"Home\",\"item\":\"https:\/\/veterinaryscienceprofession.eu\/en\/\"},{\"@type\":\"ListItem\",\"position\":2,\"name\":\"Shop\",\"item\":\"https:\/\/veterinaryscienceprofession.eu\/shop\/\"},{\"@type\":\"ListItem\",\"position\":3,\"name\":\"Hitni slu\u010dajevi &#8211; rendgenska dijagnostika u veterinarskoj medicini\"}]},{\"@type\":\"WebSite\",\"@id\":\"https:\/\/veterinaryscienceprofession.eu\/#website\",\"url\":\"https:\/\/veterinaryscienceprofession.eu\/\",\"name\":\"Veterinarska znanost i struka 2026\",\"description\":\"\",\"publisher\":{\"@id\":\"https:\/\/veterinaryscienceprofession.eu\/#organization\"},\"potentialAction\":[{\"@type\":\"SearchAction\",\"target\":{\"@type\":\"EntryPoint\",\"urlTemplate\":\"https:\/\/veterinaryscienceprofession.eu\/?s={search_term_string}\"},\"query-input\":{\"@type\":\"PropertyValueSpecification\",\"valueRequired\":true,\"valueName\":\"search_term_string\"}}],\"inLanguage\":\"en-US\"},{\"@type\":\"Organization\",\"@id\":\"https:\/\/veterinaryscienceprofession.eu\/#organization\",\"name\":\"Veterinarska znanost i struka 2026\",\"url\":\"https:\/\/veterinaryscienceprofession.eu\/\",\"logo\":{\"@type\":\"ImageObject\",\"inLanguage\":\"en-US\",\"@id\":\"https:\/\/veterinaryscienceprofession.eu\/#\/schema\/logo\/image\/\",\"url\":\"https:\/\/veterinaryscienceprofession.eu\/wp-content\/uploads\/2023\/01\/logo.png\",\"contentUrl\":\"https:\/\/veterinaryscienceprofession.eu\/wp-content\/uploads\/2023\/01\/logo.png\",\"width\":356,\"height\":285,\"caption\":\"Veterinarska znanost i struka 2026\"},\"image\":{\"@id\":\"https:\/\/veterinaryscienceprofession.eu\/#\/schema\/logo\/image\/\"},\"sameAs\":[\"https:\/\/www.facebook.com\/vzs2017\"]}]}<\/script>\n<!-- \/ Yoast SEO plugin. -->","yoast_head_json":{"title":"Hitni slu\u010dajevi - rendgenska dijagnostika u veterinarskoj medicini - Veterinarska znanost i struka 2026","robots":{"index":"index","follow":"follow","max-snippet":"max-snippet:-1","max-image-preview":"max-image-preview:large","max-video-preview":"max-video-preview:-1"},"canonical":"https:\/\/veterinaryscienceprofession.eu\/product\/hitni-slucajevi-rendgenska-dijagnostika-u-veterinarskoj-medicini\/","og_locale":"en_US","og_type":"article","og_title":"Hitni slu\u010dajevi - rendgenska dijagnostika u veterinarskoj medicini - Veterinarska znanost i struka 2026","og_description":"Voditelji: Barbara\u00a0Mratovi\u0107,\u00a0dr.\u00a0med.\u00a0vet.,\u00a0Ana Javor dr.\u00a0med.\u00a0vet.,\u00a0 Petar\u00a0Krolo dr.\u00a0med.\u00a0vet.  Datum\u00a0i\u00a0vrijeme:\u00a024.\u00a0velja\u010de\u00a02026.,\u00a012:00-14:00  Mjesto\u00a0odr\u017eavanja:\u00a0Predavaonica\u00a0Zavoda za\u00a0rendgenologiju,\u00a0ultrazvu\u010dnu\u00a0dijagnostiku\u00a0i\u00a0fizikalnu\u00a0terapiju  Jezik:\u00a0hrvatski   Maksimalan broj mjesta:\u00a016","og_url":"https:\/\/veterinaryscienceprofession.eu\/product\/hitni-slucajevi-rendgenska-dijagnostika-u-veterinarskoj-medicini\/","og_site_name":"Veterinarska znanost i struka 2026","article_publisher":"https:\/\/www.facebook.com\/vzs2017","article_modified_time":"2026-02-18T18:19:58+00:00","twitter_card":"summary_large_image","twitter_misc":{"Est. reading time":"1 minute"},"schema":{"@context":"https:\/\/schema.org","@graph":[{"@type":"WebPage","@id":"https:\/\/veterinaryscienceprofession.eu\/product\/hitni-slucajevi-rendgenska-dijagnostika-u-veterinarskoj-medicini\/","url":"https:\/\/veterinaryscienceprofession.eu\/product\/hitni-slucajevi-rendgenska-dijagnostika-u-veterinarskoj-medicini\/","name":"Hitni slu\u010dajevi - rendgenska dijagnostika u veterinarskoj medicini - Veterinarska znanost i struka 2026","isPartOf":{"@id":"https:\/\/veterinaryscienceprofession.eu\/#website"},"datePublished":"2026-01-20T10:51:36+00:00","dateModified":"2026-02-18T18:19:58+00:00","breadcrumb":{"@id":"https:\/\/veterinaryscienceprofession.eu\/product\/hitni-slucajevi-rendgenska-dijagnostika-u-veterinarskoj-medicini\/#breadcrumb"},"inLanguage":"en-US","potentialAction":[{"@type":"ReadAction","target":["https:\/\/veterinaryscienceprofession.eu\/product\/hitni-slucajevi-rendgenska-dijagnostika-u-veterinarskoj-medicini\/"]}]},{"@type":"BreadcrumbList","@id":"https:\/\/veterinaryscienceprofession.eu\/product\/hitni-slucajevi-rendgenska-dijagnostika-u-veterinarskoj-medicini\/#breadcrumb","itemListElement":[{"@type":"ListItem","position":1,"name":"Home","item":"https:\/\/veterinaryscienceprofession.eu\/en\/"},{"@type":"ListItem","position":2,"name":"Shop","item":"https:\/\/veterinaryscienceprofession.eu\/shop\/"},{"@type":"ListItem","position":3,"name":"Hitni slu\u010dajevi &#8211; rendgenska dijagnostika u veterinarskoj medicini"}]},{"@type":"WebSite","@id":"https:\/\/veterinaryscienceprofession.eu\/#website","url":"https:\/\/veterinaryscienceprofession.eu\/","name":"Veterinarska znanost i struka 2026","description":"","publisher":{"@id":"https:\/\/veterinaryscienceprofession.eu\/#organization"},"potentialAction":[{"@type":"SearchAction","target":{"@type":"EntryPoint","urlTemplate":"https:\/\/veterinaryscienceprofession.eu\/?s={search_term_string}"},"query-input":{"@type":"PropertyValueSpecification","valueRequired":true,"valueName":"search_term_string"}}],"inLanguage":"en-US"},{"@type":"Organization","@id":"https:\/\/veterinaryscienceprofession.eu\/#organization","name":"Veterinarska znanost i struka 2026","url":"https:\/\/veterinaryscienceprofession.eu\/","logo":{"@type":"ImageObject","inLanguage":"en-US","@id":"https:\/\/veterinaryscienceprofession.eu\/#\/schema\/logo\/image\/","url":"https:\/\/veterinaryscienceprofession.eu\/wp-content\/uploads\/2023\/01\/logo.png","contentUrl":"https:\/\/veterinaryscienceprofession.eu\/wp-content\/uploads\/2023\/01\/logo.png","width":356,"height":285,"caption":"Veterinarska znanost i struka 2026"},"image":{"@id":"https:\/\/veterinaryscienceprofession.eu\/#\/schema\/logo\/image\/"},"sameAs":["https:\/\/www.facebook.com\/vzs2017"]}]}},"_links":{"self":[{"href":"https:\/\/veterinaryscienceprofession.eu\/en\/wp-json\/wp\/v2\/product\/2619","targetHints":{"allow":["GET"]}}],"collection":[{"href":"https:\/\/veterinaryscienceprofession.eu\/en\/wp-json\/wp\/v2\/product"}],"about":[{"href":"https:\/\/veterinaryscienceprofession.eu\/en\/wp-json\/wp\/v2\/types\/product"}],"version-history":[{"count":4,"href":"https:\/\/veterinaryscienceprofession.eu\/en\/wp-json\/wp\/v2\/product\/2619\/revisions"}],"predecessor-version":[{"id":2623,"href":"https:\/\/veterinaryscienceprofession.eu\/en\/wp-json\/wp\/v2\/product\/2619\/revisions\/2623"}],"wp:attachment":[{"href":"https:\/\/veterinaryscienceprofession.eu\/en\/wp-json\/wp\/v2\/media?parent=2619"}],"wp:term":[{"taxonomy":"product_brand","embeddable":true,"href":"https:\/\/veterinaryscienceprofession.eu\/en\/wp-json\/wp\/v2\/product_brand?post=2619"},{"taxonomy":"product_cat","embeddable":true,"href":"https:\/\/veterinaryscienceprofession.eu\/en\/wp-json\/wp\/v2\/product_cat?post=2619"},{"taxonomy":"product_tag","embeddable":true,"href":"https:\/\/veterinaryscienceprofession.eu\/en\/wp-json\/wp\/v2\/product_tag?post=2619"}],"curies":[{"name":"wp","href":"https:\/\/api.w.org\/{rel}","templated":true}]}}